{"id":9,"date":"2020-10-12T08:05:52","date_gmt":"2020-10-12T08:05:52","guid":{"rendered":"https:\/\/qi30.qodeinteractive.com\/?page_id=9"},"modified":"2021-10-26T15:37:55","modified_gmt":"2021-10-26T15:37:55","slug":"home","status":"publish","type":"page","link":"https:\/\/samtykke.danskmetal.dk\/","title":{"rendered":"Home"},"content":{"rendered":"\t\t<div data-elementor-type=\"wp-page\" data-elementor-id=\"9\" class=\"elementor elementor-9\">\n\t\t\t\t\t\t<section class=\"elementor-section elementor-top-section elementor-element elementor-element-2b8f4b9 elementor-section-full_width qodef-elementor-content-grid elementor-section-height-default elementor-section-height-default\" data-id=\"2b8f4b9\" data-element_type=\"section\" data-e-type=\"section\">\n\t\t\t\t\t\t<div class=\"elementor-container elementor-column-gap-no\">\n\t\t\t\t\t<div class=\"elementor-column elementor-col-100 elementor-top-column elementor-element elementor-element-fada685\" data-id=\"fada685\" data-element_type=\"column\" data-e-type=\"column\">\n\t\t\t<div class=\"elementor-widget-wrap elementor-element-populated\">\n\t\t\t\t\t\t<div class=\"elementor-element elementor-element-27e39ca elementor-widget elementor-widget-heading\" data-id=\"27e39ca\" data-element_type=\"widget\" data-e-type=\"widget\" data-widget_type=\"heading.default\">\n\t\t\t\t<div class=\"elementor-widget-container\">\n\t\t\t\t\t<h3 class=\"elementor-heading-title elementor-size-default\">SAMTYKKEERKL\u00c6RING TIL DANSK METALS BRUG AF BILLEDER OG VIDEOER SAMT OFFENTLIGG\u00d8RELSE AF PERSONOPLYSNINGER\n\n<\/h3>\t\t\t\t<\/div>\n\t\t\t\t<\/div>\n\t\t\t\t<div class=\"elementor-element elementor-element-97723f7 elementor-widget elementor-widget-text-editor\" data-id=\"97723f7\" data-element_type=\"widget\" data-e-type=\"widget\" data-widget_type=\"text-editor.default\">\n\t\t\t\t<div class=\"elementor-widget-container\">\n\t\t\t\t\t\t\t\t\t\n<div class=\"wpcf7 no-js\" id=\"wpcf7-f2445-o1\" lang=\"en-US\" dir=\"ltr\" data-wpcf7-id=\"2445\">\n<div class=\"screen-reader-response\"><p role=\"status\" aria-live=\"polite\" aria-atomic=\"true\"><\/p> <ul><\/ul><\/div>\n<form action=\"\/index.php\/wp-json\/wp\/v2\/pages\/9#wpcf7-f2445-o1\" method=\"post\" class=\"wpcf7-form init\" aria-label=\"Contact form\" novalidate=\"novalidate\" data-status=\"init\">\n<fieldset class=\"hidden-fields-container\"><input type=\"hidden\" name=\"_wpcf7\" value=\"2445\" \/><input type=\"hidden\" name=\"_wpcf7_version\" value=\"6.1.5\" \/><input type=\"hidden\" name=\"_wpcf7_locale\" value=\"en_US\" \/><input type=\"hidden\" name=\"_wpcf7_unit_tag\" value=\"wpcf7-f2445-o1\" \/><input type=\"hidden\" name=\"_wpcf7_container_post\" value=\"0\" \/><input type=\"hidden\" name=\"_wpcf7_posted_data_hash\" value=\"\" \/>\n<\/fieldset>\n<p>\nDataansvarlig: Dansk Metal \u00b7 Molestien 7, 2450 KBH. SV \u00b7 CVR: 3140 7117 \u00b7 (i det f\u00f8lgende n\u00e6vnt &#8220;Dansk Metal&#8221;)\n<\/p><p>\nTlf.: 3363 2000 \u00b7 E-mail: persondata@danskmetal.dk\n<\/p>\n<p>\n<br>\n<\/p>\nDenne samtykkeerkl\u00e6ring vedr\u00f8rer mine personoplysninger og\/eller et eller flere billeder\/videoer af mig taget den\n<span class=\"wpcf7-form-control-wrap\" data-name=\"shootdato\"><input class=\"wpcf7-form-control wpcf7-date wpcf7-validates-as-required wpcf7-validates-as-date\" aria-required=\"true\" aria-invalid=\"false\" value=\"\" type=\"date\" name=\"shootdato\" \/><\/span>\n<\/p>\n<p>\ni forbindelse med (begivenhed) \n<span class=\"wpcf7-form-control-wrap\" data-name=\"begivenhed\"><input size=\"40\" maxlength=\"400\" class=\"wpcf7-form-control wpcf7-text wpcf7-validates-as-required\" aria-required=\"true\" aria-invalid=\"false\" value=\"\" type=\"text\" name=\"begivenhed\" \/><\/span>\n<\/p>\n\n<p><b>Samtykket er frivilligt<\/b>, og det har ingen konsekvenser for dig, hvis samtykke ikke gives, kun gives til enkelte punkter eller senere tilbagekaldes. Tilbagekaldelse af samtykket kan ske til enhver tid ved at rette henvendelse til Dansk Metal. <\/p><br>\n\n<b>Jeg giver hermed samtykke til, at billeder af mig m\u00e5 anvendes (s\u00e6t kryds):<\/b>\n<\/p>\n<span class=\"wpcf7-form-control-wrap\" data-name=\"checkbox-01\"><span class=\"wpcf7-form-control wpcf7-checkbox\"><span class=\"wpcf7-list-item first last\"><label><input type=\"checkbox\" name=\"checkbox-01[]\" value=\"p\u00e5 Dansk Metals hjemmeside med det form\u00e5l at skabe viden og information om Dansk Metal\" \/><span class=\"wpcf7-list-item-label\">p\u00e5 Dansk Metals hjemmeside med det form\u00e5l at skabe viden og information om Dansk Metal<\/span><\/label><\/span><\/span><\/span>\n<span class=\"wpcf7-form-control-wrap\" data-name=\"checkbox-02\"><span class=\"wpcf7-form-control wpcf7-checkbox\"><span class=\"wpcf7-list-item first last\"><label><input type=\"checkbox\" name=\"checkbox-02[]\" value=\"p\u00e5 LinkedIn med det form\u00e5l at skabe viden og information om Dansk Metal og fagl\u00e6rte\" \/><span class=\"wpcf7-list-item-label\">p\u00e5 LinkedIn med det form\u00e5l at skabe viden og information om Dansk Metal og fagl\u00e6rte<\/span><\/label><\/span><\/span><\/span>\n<span class=\"wpcf7-form-control-wrap\" data-name=\"checkbox-03\"><span class=\"wpcf7-form-control wpcf7-checkbox\"><span class=\"wpcf7-list-item first last\"><label><input type=\"checkbox\" name=\"checkbox-03[]\" value=\"p\u00e5 Facebook med det form\u00e5l at skabe viden og information om Dansk Metal og fagl\u00e6rte\" \/><span class=\"wpcf7-list-item-label\">p\u00e5 Facebook med det form\u00e5l at skabe viden og information om Dansk Metal og fagl\u00e6rte<\/span><\/label><\/span><\/span><\/span>\n<span class=\"wpcf7-form-control-wrap\" data-name=\"checkbox-06\"><span class=\"wpcf7-form-control wpcf7-checkbox\"><span class=\"wpcf7-list-item first last\"><label><input type=\"checkbox\" name=\"checkbox-06[]\" value=\"til Instagram med det form\u00e5l at skabe viden og information om Dansk Metal og fagl\u00e6rte\" \/><span class=\"wpcf7-list-item-label\">til Instagram med det form\u00e5l at skabe viden og information om Dansk Metal og fagl\u00e6rte<\/span><\/label><\/span><\/span><\/span>\n<span class=\"wpcf7-form-control-wrap\" data-name=\"checkbox-04\"><span class=\"wpcf7-form-control wpcf7-checkbox\"><span class=\"wpcf7-list-item first last\"><label><input type=\"checkbox\" name=\"checkbox-04[]\" value=\"til information om Dansk Metal b\u00e5de p\u00e5 nettet og trykt med det form\u00e5l at fremme Dansk Metals interesser\" \/><span class=\"wpcf7-list-item-label\">til information om Dansk Metal b\u00e5de p\u00e5 nettet og trykt med det form\u00e5l at fremme Dansk Metals interesser<\/span><\/label><\/span><\/span><\/span>\n<span class=\"wpcf7-form-control-wrap\" data-name=\"checkbox-05\"><span class=\"wpcf7-form-control wpcf7-checkbox\"><span class=\"wpcf7-list-item first last\"><label><input type=\"checkbox\" name=\"checkbox-05[]\" value=\"til annoncering af Dansk Metal og vores aktiviteter (tryksager og lign.)\" \/><span class=\"wpcf7-list-item-label\">til annoncering af Dansk Metal og vores aktiviteter (tryksager og lign.)<\/span><\/label><\/span><\/span><\/span>\n<span class=\"wpcf7-form-control-wrap\" data-name=\"checkbox-395\"><span class=\"wpcf7-form-control wpcf7-checkbox\"><span class=\"wpcf7-list-item first last\"><label><input type=\"checkbox\" name=\"checkbox-395[]\" value=\"i Dansk Metals nyhedsbreve med form\u00e5l om at skabe viden og information om Dansk Metal og Dansk Metals medlemmer\" \/><span class=\"wpcf7-list-item-label\">i Dansk Metals nyhedsbreve med form\u00e5l om at skabe viden og information om Dansk Metal og Dansk Metals medlemmer<\/span><\/label><\/span><\/span><\/span>\n<span class=\"wpcf7-form-control-wrap\" data-name=\"checkbox-396\"><span class=\"wpcf7-form-control wpcf7-checkbox\"><span class=\"wpcf7-list-item first last\"><label><input type=\"checkbox\" name=\"checkbox-396[]\" value=\"i MetalMagasinet p\u00e5 tryk og digitalt.\" \/><span class=\"wpcf7-list-item-label\">i MetalMagasinet p\u00e5 tryk og digitalt.<\/span><\/label><\/span><\/span><\/span>\n\n<p><b>Jeg giver hermed samtykke til, at mit navn m\u00e5 bruges (s\u00e6t kryds):<br><\/b><\/p>\n<span class=\"wpcf7-form-control-wrap\" data-name=\"checkbox-07\"><span class=\"wpcf7-form-control wpcf7-checkbox\"><span class=\"wpcf7-list-item first last\"><label><input type=\"checkbox\" name=\"checkbox-07[]\" value=\"i forbindelse med billede (til fx testimonials p\u00e5 hjemmesiden eller Facebook)\" \/><span class=\"wpcf7-list-item-label\">i forbindelse med billede (til fx testimonials p\u00e5 hjemmesiden eller Facebook)<\/span><\/label><\/span><\/span><\/span>\n\n<\/p>\n<p>\n<p>\n<br>Billederne\/videoerne m\u00e5 ikke bruges i sammenh\u00e6nge, der kan v\u00e6re kr\u00e6nkende for mig eller udstiller mig i en situation, som kan have en negativ konsekvens for mig. Billederne m\u00e5 kun bruges i sammenh\u00e6nge, som er forventelige i forhold til motivet.<br><br>\n\nN\u00e5r du samtykker til, at vi m\u00e5 bruge dine oplysninger p\u00e5 LinkedIn\/Facebook\/Instagram, overf\u00f8rer vi dine oplysninger til selskaber, der har hovedkontor i USA. USA er kategoriseret som et usikkert tredjeland. N\u00e5r tredjelandenes lovgivning ikke tilbyder den samme sikkerhed, som EU g\u00f8r, har vi sk\u00e6rpede forpligtelser i beskyttelsen af dine data. Vi har sikret os, at der er et lovligt grundlag for overf\u00f8rslen i form af EU-standardkontrakter (EU SCC), og at oplysningerne bliver behandlet under tilstr\u00e6kkelige sikkerhedsforanstaltninger.  Hvis du vil vide mere om de overf\u00f8rselsgrundlag, som ber\u00f8rer dig, kan du kontakte os p\u00e5 <b>persondata@danskmetal.dk<\/b> <br><br>\n\n<b>Du kan ved henvendelse til kontaktpersonen angivet \u00f8verst p\u00e5 siden:<\/b><br>\n\u2022 opn\u00e5 indsigt i dine personoplysninger <br>\n\u2022 f\u00e5 berigtiget dine registrerede personoplysninger<br>\n\u2022 i visse tilf\u00e6lde f\u00e5 slettet personoplysninger om dig selv<br>\n\u2022 g\u00f8re indsigelse mod behandlingen af dine personoplysninger<br>\n\u2022 f\u00e5 begr\u00e6nset behandlingen af dine personoplysninger.<br><br>\n\nN\u00e5r du henvender dig, vil vi svare dig indenfor en m\u00e5ned. Hvis vi ikke kan im\u00f8dekomme din anmodning, f\u00e5r du en begrundelse for det. <br>\n\nFor at g\u00f8re brug af dine rettigheder, eller hvis du har sp\u00f8rgsm\u00e5l til ovenst\u00e5ende, kan du henvende dig til os. Vores kontaktoplysninger finder du \u00f8verst p\u00e5 siden. <br>\n\nDu kan l\u00e6se mere om vores behandling af personoplysninger p\u00e5 <b>danskmetal.dk\/Om\/persondatapolitik<\/b>, og der kan klages over behandlingen af persondata til Datatilsynet. Se mere om Datatilsynet p\u00e5: <b>datatilsynet.dk<\/b>.<br><br>\n\n\n  <\/p>\n\n\n<p>  <\/p>\n<p>\nDato*\n<\/p>\n<span class=\"wpcf7-form-control-wrap\" data-name=\"date-616\"><input class=\"wpcf7-form-control wpcf7-date wpcf7-validates-as-required wpcf7-validates-as-date\" aria-required=\"true\" aria-invalid=\"false\" value=\"\" type=\"date\" name=\"date-616\" \/><\/span>\n  <\/p>\n<p>\nNavn p\u00e5 den fotograferede*\n<span class=\"wpcf7-form-control-wrap\" data-name=\"Navn\"><input size=\"40\" maxlength=\"400\" class=\"wpcf7-form-control wpcf7-text wpcf7-validates-as-required\" aria-required=\"true\" aria-invalid=\"false\" value=\"\" type=\"text\" name=\"Navn\" \/><\/span>\n<\/p>\n<p>\nE-mail til den fotograferede*\n<span class=\"wpcf7-form-control-wrap\" data-name=\"email-98\"><input size=\"40\" maxlength=\"400\" class=\"wpcf7-form-control wpcf7-email wpcf7-validates-as-required wpcf7-text wpcf7-validates-as-email\" aria-required=\"true\" aria-invalid=\"false\" value=\"\" type=\"email\" name=\"email-98\" \/><\/span>\n<\/p>\nVirksomhed\/sted den fotograferede h\u00f8rer til*\n<span class=\"wpcf7-form-control-wrap\" data-name=\"Virksomhed\"><input size=\"40\" maxlength=\"400\" class=\"wpcf7-form-control wpcf7-text wpcf7-validates-as-required\" aria-required=\"true\" aria-invalid=\"false\" value=\"\" type=\"text\" name=\"Virksomhed\" \/><\/span>\n<\/p>\n<\/p>\n<p>\nSkriv evt. fotografens e-mail her, s\u00e5 denne modtager kopi af samtykket.\n<\/p>\n<span class=\"wpcf7-form-control-wrap\" data-name=\"fotografemail-496\"><input size=\"40\" maxlength=\"400\" class=\"wpcf7-form-control wpcf7-email wpcf7-text wpcf7-validates-as-email\" aria-invalid=\"false\" value=\"\" type=\"email\" name=\"fotografemail-496\" \/><\/span>\n<p>\nUnderskrift herunder\n<\/p>\n<div class=\"wpcf7-form-control-signature-global-wrap wpcf7-form-control-wrap\" data-field-id=\"signature-697\">\r\n\t\t\t\t<div class=\"wpcf7-form-control-signature-wrap\" style=\"width:767px;height:400px;\">\r\n\t\t\t\t\t<div class=\"wpcf7-form-control-signature-body\">\r\n\t\t\t\t\t\t<canvas id=\"wpcf7_signature-697_signature\" class=\"signature-697\"><\/canvas>\r\n\t\t\t\t\t<\/div>\r\n\t\t\t\t<\/div>\r\n\t\t\t\t<div class=\"wpcf7-form-control-clear-wrap\">\r\n\t\t\t\t\t<input id=\"wpcf7_signature-697_clear\" type=\"button\" value=\"Clear\"\/>\r\n\t\t\t\t<\/div>\r\n\t\t\t<\/div>\r\n\t\t\t<span class=\"wpcf7-form-control-wrap wpcf7-form-control-signature-input-wrap signature-697\">\r\n\t\t\t\t  <input aria-required=\"true\" aria-invalid=\"false\" value=\"\" type=\"hidden\" name=\"signature-697\" id=\"wpcf7_input_signature-697\" class=\"wpcf7-form-control wpcf7-signature\" \/><input type=\"hidden\" name=\"signature-697-attachment\" id=\"wpcf7_input_signature-697_attachment\" class=\"wpcf7-form-control wpcf7-signature\" \/><input type=\"hidden\" name=\"signature-697-inline\" id=\"wpcf7_input_signature-697_inline\" class=\"wpcf7-form-control wpcf7-signature\" \/>\r\n\t\t\t\t\r\n\t\t\t<\/span>\r\n\t\t\t\n\n<br><br>\n<input class=\"wpcf7-form-control wpcf7-submit has-spinner\" type=\"submit\" value=\"Send\" \/>\n<br><br><div class=\"wpcf7-response-output\" aria-hidden=\"true\"><\/div>\n<\/form>\n<\/div>\n\t\t\t\t\t\t\t\t<\/div>\n\t\t\t\t<\/div>\n\t\t\t\t\t<\/div>\n\t\t<\/div>\n\t\t\t\t\t<\/div>\n\t\t<\/section>\n\t\t\t\t<section class=\"elementor-section elementor-top-section elementor-element elementor-element-0f3b15f elementor-section-boxed elementor-section-height-default elementor-section-height-default qodef-elementor-content-no\" data-id=\"0f3b15f\" data-element_type=\"section\" data-e-type=\"section\">\n\t\t\t\t\t\t<div class=\"elementor-container elementor-column-gap-default\">\n\t\t\t\t\t<div class=\"elementor-column elementor-col-100 elementor-top-column elementor-element elementor-element-f22b47d\" data-id=\"f22b47d\" data-element_type=\"column\" data-e-type=\"column\">\n\t\t\t<div class=\"elementor-widget-wrap elementor-element-populated\">\n\t\t\t\t\t\t<div class=\"elementor-element elementor-element-c0a4b47 elementor-widget elementor-widget-spacer\" data-id=\"c0a4b47\" data-element_type=\"widget\" data-e-type=\"widget\" data-widget_type=\"spacer.default\">\n\t\t\t\t<div class=\"elementor-widget-container\">\n\t\t\t\t\t\t\t<div class=\"elementor-spacer\">\n\t\t\t<div class=\"elementor-spacer-inner\"><\/div>\n\t\t<\/div>\n\t\t\t\t\t\t<\/div>\n\t\t\t\t<\/div>\n\t\t\t\t\t<\/div>\n\t\t<\/div>\n\t\t\t\t\t<\/div>\n\t\t<\/section>\n\t\t\t\t<\/div>\n\t\t","protected":false},"excerpt":{"rendered":"<p>SAMTYKKEERKL\u00c6RING TIL DANSK METALS BRUG AF BILLEDER OG VIDEOER SAMT OFFENTLIGG\u00d8RELSE AF PERSONOPLYSNINGER<\/p>\n","protected":false},"author":2,"featured_media":0,"parent":0,"menu_order":0,"comment_status":"closed","ping_status":"closed","template":"qi-full-width.php","meta":{"footnotes":""},"class_list":["post-9","page","type-page","status-publish","hentry"],"_links":{"self":[{"href":"https:\/\/samtykke.danskmetal.dk\/index.php\/wp-json\/wp\/v2\/pages\/9","targetHints":{"allow":["GET"]}}],"collection":[{"href":"https:\/\/samtykke.danskmetal.dk\/index.php\/wp-json\/wp\/v2\/pages"}],"about":[{"href":"https:\/\/samtykke.danskmetal.dk\/index.php\/wp-json\/wp\/v2\/types\/page"}],"author":[{"embeddable":true,"href":"https:\/\/samtykke.danskmetal.dk\/index.php\/wp-json\/wp\/v2\/users\/2"}],"replies":[{"embeddable":true,"href":"https:\/\/samtykke.danskmetal.dk\/index.php\/wp-json\/wp\/v2\/comments?post=9"}],"version-history":[{"count":24,"href":"https:\/\/samtykke.danskmetal.dk\/index.php\/wp-json\/wp\/v2\/pages\/9\/revisions"}],"predecessor-version":[{"id":2482,"href":"https:\/\/samtykke.danskmetal.dk\/index.php\/wp-json\/wp\/v2\/pages\/9\/revisions\/2482"}],"wp:attachment":[{"href":"https:\/\/samtykke.danskmetal.dk\/index.php\/wp-json\/wp\/v2\/media?parent=9"}],"curies":[{"name":"wp","href":"https:\/\/api.w.org\/{rel}","templated":true}]}}